{"id":838,"date":"2017-03-18T18:45:01","date_gmt":"2017-03-18T17:45:01","guid":{"rendered":"http:\/\/guitares-et-luthiers.fr\/?page_id=838"},"modified":"2019-06-12T18:52:22","modified_gmt":"2019-06-12T17:52:22","slug":"asphodele-larson-2014","status":"publish","type":"page","link":"https:\/\/guitares-et-luthiers.fr\/?page_id=838","title":{"rendered":"\u00ab\u00a0Asphod\u00e8le\u00a0\u00bb Larson 2014"},"content":{"rendered":"<p>Luthier : R\u00e9my Larson<\/p>\n<p>Mod\u00e8le : Asphod\u00e8le<\/p>\n<p>Ann\u00e9e : 2014<\/p>\n<p>Bois : Table en \u00e9pic\u00e9a d&rsquo;Adirondack, fond et \u00e9clisses doubl\u00e9es en palissandre des Indes, manche c\u00e8dre avec renfort carbone et palissandre, chevalet en palissandre, touche \u00e9b\u00e8ne, vernis tampon, diapason 650 mm, m\u00e9caniques Gotoh style Hauser, avec \u00e9tui.<\/p>\n<p>Une guitare qui a servi de banc d&rsquo;essai au num\u00e9ro 66 de la revue \u00ab\u00a0guitare classique\u00a0\u00bb . \u00a0 \u00a0 cliquez sur le lien pour voir l&rsquo;article \u00a0<a href=\"https:\/\/guitares-et-luthiers.fr\/wp-content\/uploads\/2017\/03\/Asphod\u00e8le.pdf\">Asphod\u00e8le<\/a><\/p>\n<p>Site de R\u00e9my Larson : \u00a0www.guitares-larson.com<\/p>\n<figure id=\"attachment_835\" aria-describedby=\"caption-attachment-835\" style=\"width: 300px\" class=\"wp-caption alignleft\"><a href=\"https:\/\/guitares-et-luthiers.fr\/wp-content\/uploads\/2017\/03\/Larson-2014-3.jpg\" rel=\"lightbox[838]\"><img loading=\"lazy\" decoding=\"async\" class=\"size-medium wp-image-835\" src=\"https:\/\/guitares-et-luthiers.fr\/wp-content\/uploads\/2017\/03\/Larson-2014-3-300x271.jpg\" alt=\"\" width=\"300\" height=\"271\" srcset=\"https:\/\/guitares-et-luthiers.fr\/wp-content\/uploads\/2017\/03\/Larson-2014-3-300x271.jpg 300w, https:\/\/guitares-et-luthiers.fr\/wp-content\/uploads\/2017\/03\/Larson-2014-3-768x694.jpg 768w, https:\/\/guitares-et-luthiers.fr\/wp-content\/uploads\/2017\/03\/Larson-2014-3-1024x926.jpg 1024w\" sizes=\"auto, (max-width: 300px) 100vw, 300px\" \/><\/a><figcaption id=\"caption-attachment-835\" class=\"wp-caption-text\">Larson 2014<\/figcaption><\/figure>\n<figure id=\"attachment_837\" aria-describedby=\"caption-attachment-837\" style=\"width: 155px\" class=\"wp-caption alignright\"><a href=\"https:\/\/guitares-et-luthiers.fr\/wp-content\/uploads\/2017\/03\/Larson-2014-5.jpg\" rel=\"lightbox[838]\"><img loading=\"lazy\" decoding=\"async\" class=\"size-medium wp-image-837\" src=\"https:\/\/guitares-et-luthiers.fr\/wp-content\/uploads\/2017\/03\/Larson-2014-5-155x300.jpg\" alt=\"\" width=\"155\" height=\"300\" srcset=\"https:\/\/guitares-et-luthiers.fr\/wp-content\/uploads\/2017\/03\/Larson-2014-5-155x300.jpg 155w, https:\/\/guitares-et-luthiers.fr\/wp-content\/uploads\/2017\/03\/Larson-2014-5-768x1483.jpg 768w, https:\/\/guitares-et-luthiers.fr\/wp-content\/uploads\/2017\/03\/Larson-2014-5-530x1024.jpg 530w\" sizes=\"auto, (max-width: 155px) 100vw, 155px\" \/><\/a><figcaption id=\"caption-attachment-837\" class=\"wp-caption-text\">Larson 2014<\/figcaption><\/figure>\n<figure id=\"attachment_836\" aria-describedby=\"caption-attachment-836\" style=\"width: 164px\" class=\"wp-caption alignleft\"><a href=\"https:\/\/guitares-et-luthiers.fr\/wp-content\/uploads\/2017\/03\/Larson-2014-4.jpg\" rel=\"lightbox[838]\"><img loading=\"lazy\" decoding=\"async\" class=\"size-medium wp-image-836\" src=\"https:\/\/guitares-et-luthiers.fr\/wp-content\/uploads\/2017\/03\/Larson-2014-4-164x300.jpg\" alt=\"\" width=\"164\" height=\"300\" srcset=\"https:\/\/guitares-et-luthiers.fr\/wp-content\/uploads\/2017\/03\/Larson-2014-4-164x300.jpg 164w, https:\/\/guitares-et-luthiers.fr\/wp-content\/uploads\/2017\/03\/Larson-2014-4-768x1401.jpg 768w, https:\/\/guitares-et-luthiers.fr\/wp-content\/uploads\/2017\/03\/Larson-2014-4-561x1024.jpg 561w\" sizes=\"auto, (max-width: 164px) 100vw, 164px\" \/><\/a><figcaption id=\"caption-attachment-836\" class=\"wp-caption-text\">Larson 2014<\/figcaption><\/figure>\n<figure id=\"attachment_834\" aria-describedby=\"caption-attachment-834\" style=\"width: 184px\" class=\"wp-caption alignright\"><a href=\"https:\/\/guitares-et-luthiers.fr\/wp-content\/uploads\/2017\/03\/Larson-2014-2.jpg\" rel=\"lightbox[838]\"><img loading=\"lazy\" decoding=\"async\" class=\"size-medium wp-image-834\" src=\"https:\/\/guitares-et-luthiers.fr\/wp-content\/uploads\/2017\/03\/Larson-2014-2-184x300.jpg\" alt=\"\" width=\"184\" height=\"300\" srcset=\"https:\/\/guitares-et-luthiers.fr\/wp-content\/uploads\/2017\/03\/Larson-2014-2-184x300.jpg 184w, https:\/\/guitares-et-luthiers.fr\/wp-content\/uploads\/2017\/03\/Larson-2014-2-768x1254.jpg 768w, https:\/\/guitares-et-luthiers.fr\/wp-content\/uploads\/2017\/03\/Larson-2014-2-627x1024.jpg 627w, https:\/\/guitares-et-luthiers.fr\/wp-content\/uploads\/2017\/03\/Larson-2014-2.jpg 1949w\" sizes=\"auto, (max-width: 184px) 100vw, 184px\" \/><\/a><figcaption id=\"caption-attachment-834\" class=\"wp-caption-text\">Larson 2014<\/figcaption><\/figure>\n<figure id=\"attachment_833\" aria-describedby=\"caption-attachment-833\" style=\"width: 188px\" class=\"wp-caption alignright\"><a href=\"https:\/\/guitares-et-luthiers.fr\/wp-content\/uploads\/2017\/03\/Larson-2014-1.jpg\" rel=\"lightbox[838]\"><img loading=\"lazy\" decoding=\"async\" class=\"size-medium wp-image-833\" src=\"https:\/\/guitares-et-luthiers.fr\/wp-content\/uploads\/2017\/03\/Larson-2014-1-188x300.jpg\" alt=\"\" width=\"188\" height=\"300\" srcset=\"https:\/\/guitares-et-luthiers.fr\/wp-content\/uploads\/2017\/03\/Larson-2014-1-188x300.jpg 188w, https:\/\/guitares-et-luthiers.fr\/wp-content\/uploads\/2017\/03\/Larson-2014-1-768x1224.jpg 768w, https:\/\/guitares-et-luthiers.fr\/wp-content\/uploads\/2017\/03\/Larson-2014-1-642x1024.jpg 642w\" sizes=\"auto, (max-width: 188px) 100vw, 188px\" \/><\/a><figcaption id=\"caption-attachment-833\" class=\"wp-caption-text\">Larson 2014<\/figcaption><\/figure>\n<p><a href=\"https:\/\/guitares-et-luthiers.fr\/wp-content\/uploads\/2017\/03\/guitare-Larson.jpg\" rel=\"lightbox[838]\"><img loading=\"lazy\" decoding=\"async\" class=\"size-medium wp-image-832 alignleft\" src=\"https:\/\/guitares-et-luthiers.fr\/wp-content\/uploads\/2017\/03\/guitare-Larson-128x300.jpg\" alt=\"\" width=\"128\" height=\"300\" srcset=\"https:\/\/guitares-et-luthiers.fr\/wp-content\/uploads\/2017\/03\/guitare-Larson-128x300.jpg 128w, https:\/\/guitares-et-luthiers.fr\/wp-content\/uploads\/2017\/03\/guitare-Larson-768x1802.jpg 768w, https:\/\/guitares-et-luthiers.fr\/wp-content\/uploads\/2017\/03\/guitare-Larson-436x1024.jpg 436w, https:\/\/guitares-et-luthiers.fr\/wp-content\/uploads\/2017\/03\/guitare-Larson.jpg 1701w\" sizes=\"auto, (max-width: 128px) 100vw, 128px\" \/><\/a> <a href=\"https:\/\/guitares-et-luthiers.fr\/wp-content\/uploads\/2017\/03\/guitare-Larson-3.jpg\" rel=\"lightbox[838]\"><img loading=\"lazy\" decoding=\"async\" class=\"size-medium wp-image-831 alignleft\" src=\"https:\/\/guitares-et-luthiers.fr\/wp-content\/uploads\/2017\/03\/guitare-Larson-3-132x300.jpg\" alt=\"\" width=\"132\" height=\"300\" srcset=\"https:\/\/guitares-et-luthiers.fr\/wp-content\/uploads\/2017\/03\/guitare-Larson-3-132x300.jpg 132w, https:\/\/guitares-et-luthiers.fr\/wp-content\/uploads\/2017\/03\/guitare-Larson-3-768x1741.jpg 768w, https:\/\/guitares-et-luthiers.fr\/wp-content\/uploads\/2017\/03\/guitare-Larson-3-452x1024.jpg 452w, https:\/\/guitares-et-luthiers.fr\/wp-content\/uploads\/2017\/03\/guitare-Larson-3.jpg 1583w\" sizes=\"auto, (max-width: 132px) 100vw, 132px\" \/><\/a><\/p>\n<p><a href=\"https:\/\/guitares-et-luthiers.fr\/wp-content\/uploads\/2017\/03\/guitare-Larson-2.jpg\" rel=\"lightbox[838]\"><img loading=\"lazy\" decoding=\"async\" class=\"alignnone size-medium wp-image-830\" src=\"https:\/\/guitares-et-luthiers.fr\/wp-content\/uploads\/2017\/03\/guitare-Larson-2-225x300.jpg\" alt=\"\" width=\"225\" height=\"300\" srcset=\"https:\/\/guitares-et-luthiers.fr\/wp-content\/uploads\/2017\/03\/guitare-Larson-2-225x300.jpg 225w, https:\/\/guitares-et-luthiers.fr\/wp-content\/uploads\/2017\/03\/guitare-Larson-2-768x1024.jpg 768w\" sizes=\"auto, (max-width: 225px) 100vw, 225px\" \/><\/a><\/p>\n","protected":false},"excerpt":{"rendered":"<p>Luthier : R\u00e9my Larson Mod\u00e8le : Asphod\u00e8le Ann\u00e9e : 2014 Bois : Table en \u00e9pic\u00e9a d&rsquo;Adirondack, fond et \u00e9clisses doubl\u00e9es en palissandre des Indes, manche c\u00e8dre avec renfort carbone et palissandre, chevalet en palissandre, touche \u00e9b\u00e8ne, vernis tampon, diapason 650 mm, m\u00e9caniques Gotoh style Hauser, avec \u00e9tui. Une guitare qui a servi de banc d&rsquo;essai &hellip; <\/p>\n<p class=\"link-more\"><a href=\"https:\/\/guitares-et-luthiers.fr\/?page_id=838\" class=\"more-link\">Continuer la lecture<span class=\"screen-reader-text\"> de &laquo;&nbsp;\u00ab\u00a0Asphod\u00e8le\u00a0\u00bb Larson 2014&nbsp;&raquo;<\/span><\/a><\/p>\n","protected":false},"author":2,"featured_media":0,"parent":0,"menu_order":0,"comment_status":"closed","ping_status":"closed","template":"","meta":{"footnotes":""},"class_list":["post-838","page","type-page","status-publish","hentry"],"_links":{"self":[{"href":"https:\/\/guitares-et-luthiers.fr\/index.php?rest_route=\/wp\/v2\/pages\/838","targetHints":{"allow":["GET"]}}],"collection":[{"href":"https:\/\/guitares-et-luthiers.fr\/index.php?rest_route=\/wp\/v2\/pages"}],"about":[{"href":"https:\/\/guitares-et-luthiers.fr\/index.php?rest_route=\/wp\/v2\/types\/page"}],"author":[{"embeddable":true,"href":"https:\/\/guitares-et-luthiers.fr\/index.php?rest_route=\/wp\/v2\/users\/2"}],"replies":[{"embeddable":true,"href":"https:\/\/guitares-et-luthiers.fr\/index.php?rest_route=%2Fwp%2Fv2%2Fcomments&post=838"}],"version-history":[{"count":8,"href":"https:\/\/guitares-et-luthiers.fr\/index.php?rest_route=\/wp\/v2\/pages\/838\/revisions"}],"predecessor-version":[{"id":1310,"href":"https:\/\/guitares-et-luthiers.fr\/index.php?rest_route=\/wp\/v2\/pages\/838\/revisions\/1310"}],"wp:attachment":[{"href":"https:\/\/guitares-et-luthiers.fr\/index.php?rest_route=%2Fwp%2Fv2%2Fmedia&parent=838"}],"curies":[{"name":"wp","href":"https:\/\/api.w.org\/{rel}","templated":true}]}}