{"id":884,"date":"2017-04-02T19:21:20","date_gmt":"2017-04-02T18:21:20","guid":{"rendered":"http:\/\/guitares-et-luthiers.fr\/?page_id=884"},"modified":"2019-05-02T20:33:32","modified_gmt":"2019-05-02T19:33:32","slug":"lesueur-78","status":"publish","type":"page","link":"https:\/\/guitares-et-luthiers.fr\/?page_id=884","title":{"rendered":"Lesueur 78"},"content":{"rendered":"<p>Luthier : Daniel Lesueur<\/p>\n<p>Ann\u00e9e :\u00a01978 \u00a0 \u00a0 \u00a0 \u00a0 \u00a0 \u00a0n\u00b0 \u00a0177<\/p>\n<p>Bois : dos et \u00e9clisses en palissandre, \u00e9clisses doubl\u00e9es en palissandre , touche \u00e9b\u00e8ne, chevalet d\u00e9cor\u00e9 en palissandre. Vernis craquel\u00e9.<\/p>\n<address>Des\u00a0 bois magnifiques . Chevalet caract\u00e9ristique des guitares Lesueur avec les initiales du luthier comme motif. \u00a0Guitare assez lourde en raison sans doute des \u00e9clisses doubl\u00e9es. Un son profond, \u00ab\u00a0charpent\u00e9\u00a0\u00bb. \u00a0ref:\u201cguitares et luthiers d\u2019en France\u201dEd Chandelle. Daniel Lesueur fut apprenti de Daniel Friederich pendant plusieurs ann\u00e9es. Une valeur s\u00fbre \u00e0 petit prix&#8230;<\/address>\n<address>\n<figure id=\"attachment_882\" aria-describedby=\"caption-attachment-882\" style=\"width: 203px\" class=\"wp-caption alignnone\"><a href=\"https:\/\/guitares-et-luthiers.fr\/wp-content\/uploads\/2017\/04\/Lesueur.jpg\" rel=\"lightbox[884]\"><img loading=\"lazy\" decoding=\"async\" class=\"size-medium wp-image-882\" src=\"https:\/\/guitares-et-luthiers.fr\/wp-content\/uploads\/2017\/04\/Lesueur-203x300.jpg\" alt=\"\" width=\"203\" height=\"300\" srcset=\"https:\/\/guitares-et-luthiers.fr\/wp-content\/uploads\/2017\/04\/Lesueur-203x300.jpg 203w, https:\/\/guitares-et-luthiers.fr\/wp-content\/uploads\/2017\/04\/Lesueur-768x1137.jpg 768w, https:\/\/guitares-et-luthiers.fr\/wp-content\/uploads\/2017\/04\/Lesueur-691x1024.jpg 691w\" sizes=\"auto, (max-width: 203px) 100vw, 203px\" \/><\/a><figcaption id=\"caption-attachment-882\" class=\"wp-caption-text\">Lesueur<\/figcaption><\/figure>\n<p><a href=\"https:\/\/guitares-et-luthiers.fr\/wp-content\/uploads\/2017\/04\/IMG_5320.jpg\" rel=\"lightbox[884]\"><img loading=\"lazy\" decoding=\"async\" class=\"alignnone size-medium wp-image-881\" src=\"https:\/\/guitares-et-luthiers.fr\/wp-content\/uploads\/2017\/04\/IMG_5320-225x300.jpg\" alt=\"\" width=\"225\" height=\"300\" srcset=\"https:\/\/guitares-et-luthiers.fr\/wp-content\/uploads\/2017\/04\/IMG_5320-225x300.jpg 225w, https:\/\/guitares-et-luthiers.fr\/wp-content\/uploads\/2017\/04\/IMG_5320-768x1024.jpg 768w\" sizes=\"auto, (max-width: 225px) 100vw, 225px\" \/><\/a> <a href=\"https:\/\/guitares-et-luthiers.fr\/wp-content\/uploads\/2017\/04\/IMG_5319.jpg\" rel=\"lightbox[884]\"><img loading=\"lazy\" decoding=\"async\" class=\"alignnone size-medium wp-image-880\" src=\"https:\/\/guitares-et-luthiers.fr\/wp-content\/uploads\/2017\/04\/IMG_5319-225x300.jpg\" alt=\"\" width=\"225\" height=\"300\" srcset=\"https:\/\/guitares-et-luthiers.fr\/wp-content\/uploads\/2017\/04\/IMG_5319-225x300.jpg 225w, https:\/\/guitares-et-luthiers.fr\/wp-content\/uploads\/2017\/04\/IMG_5319-768x1024.jpg 768w\" sizes=\"auto, (max-width: 225px) 100vw, 225px\" \/><\/a> <a href=\"https:\/\/guitares-et-luthiers.fr\/wp-content\/uploads\/2017\/04\/IMG_5318.jpg\" rel=\"lightbox[884]\"><img loading=\"lazy\" decoding=\"async\" class=\"alignnone size-medium wp-image-879\" src=\"https:\/\/guitares-et-luthiers.fr\/wp-content\/uploads\/2017\/04\/IMG_5318-225x300.jpg\" alt=\"\" width=\"225\" height=\"300\" srcset=\"https:\/\/guitares-et-luthiers.fr\/wp-content\/uploads\/2017\/04\/IMG_5318-225x300.jpg 225w, https:\/\/guitares-et-luthiers.fr\/wp-content\/uploads\/2017\/04\/IMG_5318-768x1024.jpg 768w\" sizes=\"auto, (max-width: 225px) 100vw, 225px\" \/><\/a> <a href=\"https:\/\/guitares-et-luthiers.fr\/wp-content\/uploads\/2017\/04\/IMG_5316.jpg\" rel=\"lightbox[884]\"><img loading=\"lazy\" decoding=\"async\" class=\"alignnone size-medium wp-image-877\" src=\"https:\/\/guitares-et-luthiers.fr\/wp-content\/uploads\/2017\/04\/IMG_5316-225x300.jpg\" alt=\"\" width=\"225\" height=\"300\" srcset=\"https:\/\/guitares-et-luthiers.fr\/wp-content\/uploads\/2017\/04\/IMG_5316-225x300.jpg 225w, https:\/\/guitares-et-luthiers.fr\/wp-content\/uploads\/2017\/04\/IMG_5316-768x1024.jpg 768w\" sizes=\"auto, (max-width: 225px) 100vw, 225px\" \/><\/a><\/p>\n<figure id=\"attachment_876\" aria-describedby=\"caption-attachment-876\" style=\"width: 225px\" class=\"wp-caption alignnone\"><a href=\"https:\/\/guitares-et-luthiers.fr\/wp-content\/uploads\/2017\/04\/IMG_5216.jpg\" rel=\"lightbox[884]\"><img loading=\"lazy\" decoding=\"async\" class=\"size-medium wp-image-876\" src=\"https:\/\/guitares-et-luthiers.fr\/wp-content\/uploads\/2017\/04\/IMG_5216-225x300.jpg\" alt=\"\" width=\"225\" height=\"300\" srcset=\"https:\/\/guitares-et-luthiers.fr\/wp-content\/uploads\/2017\/04\/IMG_5216-225x300.jpg 225w, https:\/\/guitares-et-luthiers.fr\/wp-content\/uploads\/2017\/04\/IMG_5216-768x1024.jpg 768w\" sizes=\"auto, (max-width: 225px) 100vw, 225px\" \/><\/a><figcaption id=\"caption-attachment-876\" class=\"wp-caption-text\">Lesueur<\/figcaption><\/figure>\n<figure id=\"attachment_875\" aria-describedby=\"caption-attachment-875\" style=\"width: 225px\" class=\"wp-caption alignnone\"><a href=\"https:\/\/guitares-et-luthiers.fr\/wp-content\/uploads\/2017\/04\/IMG_5215.jpg\" rel=\"lightbox[884]\"><img loading=\"lazy\" decoding=\"async\" class=\"size-medium wp-image-875\" src=\"https:\/\/guitares-et-luthiers.fr\/wp-content\/uploads\/2017\/04\/IMG_5215-225x300.jpg\" alt=\"\" width=\"225\" height=\"300\" srcset=\"https:\/\/guitares-et-luthiers.fr\/wp-content\/uploads\/2017\/04\/IMG_5215-225x300.jpg 225w, https:\/\/guitares-et-luthiers.fr\/wp-content\/uploads\/2017\/04\/IMG_5215-768x1024.jpg 768w\" sizes=\"auto, (max-width: 225px) 100vw, 225px\" \/><\/a><figcaption id=\"caption-attachment-875\" class=\"wp-caption-text\">Lesueur<\/figcaption><\/figure>\n<figure id=\"attachment_874\" aria-describedby=\"caption-attachment-874\" style=\"width: 300px\" class=\"wp-caption alignnone\"><a href=\"https:\/\/guitares-et-luthiers.fr\/wp-content\/uploads\/2017\/04\/IMG_5213.jpg\" rel=\"lightbox[884]\"><img loading=\"lazy\" decoding=\"async\" class=\"size-medium wp-image-874\" src=\"https:\/\/guitares-et-luthiers.fr\/wp-content\/uploads\/2017\/04\/IMG_5213-300x102.jpg\" alt=\"\" width=\"300\" height=\"102\" srcset=\"https:\/\/guitares-et-luthiers.fr\/wp-content\/uploads\/2017\/04\/IMG_5213-300x102.jpg 300w, https:\/\/guitares-et-luthiers.fr\/wp-content\/uploads\/2017\/04\/IMG_5213-768x261.jpg 768w, https:\/\/guitares-et-luthiers.fr\/wp-content\/uploads\/2017\/04\/IMG_5213-1024x348.jpg 1024w\" sizes=\"auto, (max-width: 300px) 100vw, 300px\" \/><\/a><figcaption id=\"caption-attachment-874\" class=\"wp-caption-text\">Lesueur<\/figcaption><\/figure>\n<figure id=\"attachment_873\" aria-describedby=\"caption-attachment-873\" style=\"width: 300px\" class=\"wp-caption alignnone\"><a href=\"https:\/\/guitares-et-luthiers.fr\/wp-content\/uploads\/2017\/04\/IMG_5212.jpg\" rel=\"lightbox[884]\"><img loading=\"lazy\" decoding=\"async\" class=\"size-medium wp-image-873\" src=\"https:\/\/guitares-et-luthiers.fr\/wp-content\/uploads\/2017\/04\/IMG_5212-300x280.jpg\" alt=\"\" width=\"300\" height=\"280\" srcset=\"https:\/\/guitares-et-luthiers.fr\/wp-content\/uploads\/2017\/04\/IMG_5212-300x280.jpg 300w, https:\/\/guitares-et-luthiers.fr\/wp-content\/uploads\/2017\/04\/IMG_5212-768x716.jpg 768w, https:\/\/guitares-et-luthiers.fr\/wp-content\/uploads\/2017\/04\/IMG_5212-1024x954.jpg 1024w\" sizes=\"auto, (max-width: 300px) 100vw, 300px\" \/><\/a><figcaption id=\"caption-attachment-873\" class=\"wp-caption-text\">Lesueur<\/figcaption><\/figure>\n<\/address>\n","protected":false},"excerpt":{"rendered":"<p>Luthier : Daniel Lesueur Ann\u00e9e :\u00a01978 \u00a0 \u00a0 \u00a0 \u00a0 \u00a0 \u00a0n\u00b0 \u00a0177 Bois : dos et \u00e9clisses en palissandre, \u00e9clisses doubl\u00e9es en palissandre , touche \u00e9b\u00e8ne, chevalet d\u00e9cor\u00e9 en palissandre. Vernis craquel\u00e9. Des\u00a0 bois magnifiques . Chevalet caract\u00e9ristique des guitares Lesueur avec les initiales du luthier comme motif. \u00a0Guitare assez lourde en raison sans &hellip; <\/p>\n<p class=\"link-more\"><a href=\"https:\/\/guitares-et-luthiers.fr\/?page_id=884\" class=\"more-link\">Continuer la lecture<span class=\"screen-reader-text\"> de &laquo;&nbsp;Lesueur 78&nbsp;&raquo;<\/span><\/a><\/p>\n","protected":false},"author":2,"featured_media":0,"parent":0,"menu_order":0,"comment_status":"closed","ping_status":"closed","template":"","meta":{"footnotes":""},"class_list":["post-884","page","type-page","status-publish","hentry"],"_links":{"self":[{"href":"https:\/\/guitares-et-luthiers.fr\/index.php?rest_route=\/wp\/v2\/pages\/884","targetHints":{"allow":["GET"]}}],"collection":[{"href":"https:\/\/guitares-et-luthiers.fr\/index.php?rest_route=\/wp\/v2\/pages"}],"about":[{"href":"https:\/\/guitares-et-luthiers.fr\/index.php?rest_route=\/wp\/v2\/types\/page"}],"author":[{"embeddable":true,"href":"https:\/\/guitares-et-luthiers.fr\/index.php?rest_route=\/wp\/v2\/users\/2"}],"replies":[{"embeddable":true,"href":"https:\/\/guitares-et-luthiers.fr\/index.php?rest_route=%2Fwp%2Fv2%2Fcomments&post=884"}],"version-history":[{"count":5,"href":"https:\/\/guitares-et-luthiers.fr\/index.php?rest_route=\/wp\/v2\/pages\/884\/revisions"}],"predecessor-version":[{"id":1306,"href":"https:\/\/guitares-et-luthiers.fr\/index.php?rest_route=\/wp\/v2\/pages\/884\/revisions\/1306"}],"wp:attachment":[{"href":"https:\/\/guitares-et-luthiers.fr\/index.php?rest_route=%2Fwp%2Fv2%2Fmedia&parent=884"}],"curies":[{"name":"wp","href":"https:\/\/api.w.org\/{rel}","templated":true}]}}