{"id":893,"date":"2017-04-02T21:38:37","date_gmt":"2017-04-02T20:38:37","guid":{"rendered":"http:\/\/guitares-et-luthiers.fr\/?page_id=893"},"modified":"2022-05-11T13:45:13","modified_gmt":"2022-05-11T12:45:13","slug":"abondance-modele-torres","status":"publish","type":"page","link":"https:\/\/guitares-et-luthiers.fr\/?page_id=893","title":{"rendered":"Abondance mod\u00e8le Torres"},"content":{"rendered":"<p>Luthier : Abondance<\/p>\n<p>Mod\u00e8le : Torres<\/p>\n<p>Ann\u00e9e : 2001<\/p>\n<p>Bois : table \u00e9pic\u00e9a, dos et \u00e9clisses en \u00e9rable. M\u00e9caniques Schertler neuves.\u00a0 Diapason 63 cm<\/p>\n<address>Une guitare extr\u00eamement agr\u00e9able \u00a0\u00e0 jouer, confortable au possible, un vrai r\u00e9gal, on peut y passer des heures.\u00a0<\/address>\n<address>Pierre Abondance \u00a0( cf article :\u00a0<a href=\"https:\/\/guitares-et-luthiers.fr\/wp-content\/uploads\/2017\/04\/0_pierre_abondance_article.pdf\">0_pierre_abondance_article<\/a>\u00a0) est un luthier qui a travaill\u00e9 comme restaurateur pour la Cit\u00e9 de la Musique, qui a fait des fac-simil\u00e9s ( copie) de mod\u00e8le Torres et qui a aussi d\u00e9velopp\u00e9 ses propres mod\u00e8les.<\/address>\n<address><a href=\"https:\/\/guitares-et-luthiers.fr\/wp-content\/uploads\/2017\/04\/IMG_5248.jpg\" rel=\"lightbox[893]\"><img loading=\"lazy\" decoding=\"async\" class=\"alignnone size-medium wp-image-892\" src=\"https:\/\/guitares-et-luthiers.fr\/wp-content\/uploads\/2017\/04\/IMG_5248-236x300.jpg\" alt=\"\" width=\"236\" height=\"300\" srcset=\"https:\/\/guitares-et-luthiers.fr\/wp-content\/uploads\/2017\/04\/IMG_5248-236x300.jpg 236w, https:\/\/guitares-et-luthiers.fr\/wp-content\/uploads\/2017\/04\/IMG_5248-768x975.jpg 768w, https:\/\/guitares-et-luthiers.fr\/wp-content\/uploads\/2017\/04\/IMG_5248-807x1024.jpg 807w\" sizes=\"auto, (max-width: 236px) 100vw, 236px\" \/><\/a>\u00a0 <a href=\"https:\/\/guitares-et-luthiers.fr\/wp-content\/uploads\/2017\/04\/IMG_5246.jpg\" rel=\"lightbox[893]\"><img loading=\"lazy\" decoding=\"async\" class=\"alignnone size-medium wp-image-890\" src=\"https:\/\/guitares-et-luthiers.fr\/wp-content\/uploads\/2017\/04\/IMG_5246-300x274.jpg\" alt=\"\" width=\"300\" height=\"274\" srcset=\"https:\/\/guitares-et-luthiers.fr\/wp-content\/uploads\/2017\/04\/IMG_5246-300x274.jpg 300w, https:\/\/guitares-et-luthiers.fr\/wp-content\/uploads\/2017\/04\/IMG_5246-768x701.jpg 768w, https:\/\/guitares-et-luthiers.fr\/wp-content\/uploads\/2017\/04\/IMG_5246-1024x934.jpg 1024w\" sizes=\"auto, (max-width: 300px) 100vw, 300px\" \/><\/a> <a href=\"https:\/\/guitares-et-luthiers.fr\/wp-content\/uploads\/2017\/04\/IMG_5245.jpg\" rel=\"lightbox[893]\"><img loading=\"lazy\" decoding=\"async\" class=\"alignnone size-medium wp-image-889\" src=\"https:\/\/guitares-et-luthiers.fr\/wp-content\/uploads\/2017\/04\/IMG_5245-130x300.jpg\" alt=\"\" width=\"130\" height=\"300\" srcset=\"https:\/\/guitares-et-luthiers.fr\/wp-content\/uploads\/2017\/04\/IMG_5245-130x300.jpg 130w, https:\/\/guitares-et-luthiers.fr\/wp-content\/uploads\/2017\/04\/IMG_5245-768x1775.jpg 768w, https:\/\/guitares-et-luthiers.fr\/wp-content\/uploads\/2017\/04\/IMG_5245-443x1024.jpg 443w, https:\/\/guitares-et-luthiers.fr\/wp-content\/uploads\/2017\/04\/IMG_5245.jpg 1655w\" sizes=\"auto, (max-width: 130px) 100vw, 130px\" \/><\/a> <a href=\"https:\/\/guitares-et-luthiers.fr\/wp-content\/uploads\/2022\/05\/Abondance3.jpeg\" rel=\"lightbox[893]\"><img loading=\"lazy\" decoding=\"async\" class=\"alignnone size-medium wp-image-1403\" src=\"https:\/\/guitares-et-luthiers.fr\/wp-content\/uploads\/2022\/05\/Abondance3-225x300.jpeg\" alt=\"\" width=\"225\" height=\"300\" srcset=\"https:\/\/guitares-et-luthiers.fr\/wp-content\/uploads\/2022\/05\/Abondance3-225x300.jpeg 225w, https:\/\/guitares-et-luthiers.fr\/wp-content\/uploads\/2022\/05\/Abondance3.jpeg 480w\" sizes=\"auto, (max-width: 225px) 100vw, 225px\" \/><\/a><a href=\"https:\/\/guitares-et-luthiers.fr\/wp-content\/uploads\/2022\/05\/Abondance4.jpeg\" rel=\"lightbox[893]\"><img loading=\"lazy\" decoding=\"async\" class=\"alignnone size-medium wp-image-1404\" src=\"https:\/\/guitares-et-luthiers.fr\/wp-content\/uploads\/2022\/05\/Abondance4-225x300.jpeg\" alt=\"\" width=\"225\" height=\"300\" srcset=\"https:\/\/guitares-et-luthiers.fr\/wp-content\/uploads\/2022\/05\/Abondance4-225x300.jpeg 225w, https:\/\/guitares-et-luthiers.fr\/wp-content\/uploads\/2022\/05\/Abondance4.jpeg 480w\" sizes=\"auto, (max-width: 225px) 100vw, 225px\" \/><\/a><\/address>\n","protected":false},"excerpt":{"rendered":"<p>Luthier : Abondance Mod\u00e8le : Torres Ann\u00e9e : 2001 Bois : table \u00e9pic\u00e9a, dos et \u00e9clisses en \u00e9rable. M\u00e9caniques Schertler neuves.\u00a0 Diapason 63 cm Une guitare extr\u00eamement agr\u00e9able \u00a0\u00e0 jouer, confortable au possible, un vrai r\u00e9gal, on peut y passer des heures.\u00a0 Pierre Abondance \u00a0( cf article :\u00a00_pierre_abondance_article\u00a0) est un luthier qui a travaill\u00e9 comme &hellip; <\/p>\n<p class=\"link-more\"><a href=\"https:\/\/guitares-et-luthiers.fr\/?page_id=893\" class=\"more-link\">Continuer la lecture<span class=\"screen-reader-text\"> de &laquo;&nbsp;Abondance mod\u00e8le Torres&nbsp;&raquo;<\/span><\/a><\/p>\n","protected":false},"author":2,"featured_media":0,"parent":0,"menu_order":0,"comment_status":"closed","ping_status":"closed","template":"","meta":{"footnotes":""},"class_list":["post-893","page","type-page","status-publish","hentry"],"_links":{"self":[{"href":"https:\/\/guitares-et-luthiers.fr\/index.php?rest_route=\/wp\/v2\/pages\/893","targetHints":{"allow":["GET"]}}],"collection":[{"href":"https:\/\/guitares-et-luthiers.fr\/index.php?rest_route=\/wp\/v2\/pages"}],"about":[{"href":"https:\/\/guitares-et-luthiers.fr\/index.php?rest_route=\/wp\/v2\/types\/page"}],"author":[{"embeddable":true,"href":"https:\/\/guitares-et-luthiers.fr\/index.php?rest_route=\/wp\/v2\/users\/2"}],"replies":[{"embeddable":true,"href":"https:\/\/guitares-et-luthiers.fr\/index.php?rest_route=%2Fwp%2Fv2%2Fcomments&post=893"}],"version-history":[{"count":7,"href":"https:\/\/guitares-et-luthiers.fr\/index.php?rest_route=\/wp\/v2\/pages\/893\/revisions"}],"predecessor-version":[{"id":1406,"href":"https:\/\/guitares-et-luthiers.fr\/index.php?rest_route=\/wp\/v2\/pages\/893\/revisions\/1406"}],"wp:attachment":[{"href":"https:\/\/guitares-et-luthiers.fr\/index.php?rest_route=%2Fwp%2Fv2%2Fmedia&parent=893"}],"curies":[{"name":"wp","href":"https:\/\/api.w.org\/{rel}","templated":true}]}}