{"id":903,"date":"2017-04-20T13:31:31","date_gmt":"2017-04-20T12:31:31","guid":{"rendered":"http:\/\/guitares-et-luthiers.fr\/?page_id=903"},"modified":"2017-05-25T10:36:43","modified_gmt":"2017-05-25T09:36:43","slug":"contreras-doble-tapa","status":"publish","type":"page","link":"https:\/\/guitares-et-luthiers.fr\/?page_id=903","title":{"rendered":"Contreras \u00ab\u00a0doble tapa\u00a0\u00bb"},"content":{"rendered":"<p>Luthier : Manuel Contreras<\/p>\n<p>Mod\u00e8le : Double tapa<\/p>\n<p>Ann\u00e9e : 1986<\/p>\n<p>Bois :\u00a0table en \u00e9pic\u00e9a, dos et \u00e9clisses en palissandre, touche \u00e9b\u00e8ne, chevalet en palissandre. M\u00e9caniques Fustero plaqu\u00e9es or. avec \u00e9tui.<\/p>\n<address><a href=\"https:\/\/guitares-et-luthiers.fr\/wp-content\/uploads\/2017\/04\/Contreras3.jpg\" rel=\"lightbox[903]\"><img loading=\"lazy\" decoding=\"async\" class=\"alignnone size-medium wp-image-909\" src=\"https:\/\/guitares-et-luthiers.fr\/wp-content\/uploads\/2017\/04\/Contreras3-135x300.jpg\" alt=\"\" width=\"135\" height=\"300\" srcset=\"https:\/\/guitares-et-luthiers.fr\/wp-content\/uploads\/2017\/04\/Contreras3-135x300.jpg 135w, https:\/\/guitares-et-luthiers.fr\/wp-content\/uploads\/2017\/04\/Contreras3-768x1711.jpg 768w, https:\/\/guitares-et-luthiers.fr\/wp-content\/uploads\/2017\/04\/Contreras3-460x1024.jpg 460w, https:\/\/guitares-et-luthiers.fr\/wp-content\/uploads\/2017\/04\/Contreras3.jpg 1715w\" sizes=\"auto, (max-width: 135px) 100vw, 135px\" \/><\/a><a href=\"https:\/\/guitares-et-luthiers.fr\/wp-content\/uploads\/2017\/04\/Contreras2.jpg\" rel=\"lightbox[903]\"><img loading=\"lazy\" decoding=\"async\" class=\"alignnone size-medium wp-image-908\" src=\"https:\/\/guitares-et-luthiers.fr\/wp-content\/uploads\/2017\/04\/Contreras2-126x300.jpg\" alt=\"\" width=\"126\" height=\"300\" srcset=\"https:\/\/guitares-et-luthiers.fr\/wp-content\/uploads\/2017\/04\/Contreras2-126x300.jpg 126w, https:\/\/guitares-et-luthiers.fr\/wp-content\/uploads\/2017\/04\/Contreras2-768x1831.jpg 768w, https:\/\/guitares-et-luthiers.fr\/wp-content\/uploads\/2017\/04\/Contreras2-430x1024.jpg 430w, https:\/\/guitares-et-luthiers.fr\/wp-content\/uploads\/2017\/04\/Contreras2.jpg 1653w\" sizes=\"auto, (max-width: 126px) 100vw, 126px\" \/><\/a><a href=\"https:\/\/guitares-et-luthiers.fr\/wp-content\/uploads\/2017\/04\/Contreras.jpg\" rel=\"lightbox[903]\"><img loading=\"lazy\" decoding=\"async\" class=\"alignnone size-medium wp-image-906\" src=\"https:\/\/guitares-et-luthiers.fr\/wp-content\/uploads\/2017\/04\/Contreras-136x300.jpg\" alt=\"\" width=\"136\" height=\"300\" srcset=\"https:\/\/guitares-et-luthiers.fr\/wp-content\/uploads\/2017\/04\/Contreras-136x300.jpg 136w, https:\/\/guitares-et-luthiers.fr\/wp-content\/uploads\/2017\/04\/Contreras-768x1690.jpg 768w, https:\/\/guitares-et-luthiers.fr\/wp-content\/uploads\/2017\/04\/Contreras-465x1024.jpg 465w, https:\/\/guitares-et-luthiers.fr\/wp-content\/uploads\/2017\/04\/Contreras.jpg 1795w\" sizes=\"auto, (max-width: 136px) 100vw, 136px\" \/><\/a><a href=\"https:\/\/guitares-et-luthiers.fr\/wp-content\/uploads\/2017\/04\/Contreras1.jpg\" rel=\"lightbox[903]\"><img loading=\"lazy\" decoding=\"async\" class=\"alignnone size-medium wp-image-907\" src=\"https:\/\/guitares-et-luthiers.fr\/wp-content\/uploads\/2017\/04\/Contreras1-225x300.jpg\" alt=\"\" width=\"225\" height=\"300\" srcset=\"https:\/\/guitares-et-luthiers.fr\/wp-content\/uploads\/2017\/04\/Contreras1-225x300.jpg 225w, https:\/\/guitares-et-luthiers.fr\/wp-content\/uploads\/2017\/04\/Contreras1-768x1024.jpg 768w\" sizes=\"auto, (max-width: 225px) 100vw, 225px\" \/><\/a><a href=\"https:\/\/guitares-et-luthiers.fr\/wp-content\/uploads\/2017\/04\/Contreras4.jpg\" rel=\"lightbox[903]\"><img loading=\"lazy\" decoding=\"async\" class=\"alignnone size-medium wp-image-910\" src=\"https:\/\/guitares-et-luthiers.fr\/wp-content\/uploads\/2017\/04\/Contreras4-300x154.jpg\" alt=\"\" width=\"300\" height=\"154\" srcset=\"https:\/\/guitares-et-luthiers.fr\/wp-content\/uploads\/2017\/04\/Contreras4-300x154.jpg 300w, https:\/\/guitares-et-luthiers.fr\/wp-content\/uploads\/2017\/04\/Contreras4-768x394.jpg 768w, https:\/\/guitares-et-luthiers.fr\/wp-content\/uploads\/2017\/04\/Contreras4-1024x526.jpg 1024w\" sizes=\"auto, (max-width: 300px) 100vw, 300px\" \/><\/a>\u00a0<\/address>\n","protected":false},"excerpt":{"rendered":"<p>Luthier : Manuel Contreras Mod\u00e8le : Double tapa Ann\u00e9e : 1986 Bois :\u00a0table en \u00e9pic\u00e9a, dos et \u00e9clisses en palissandre, touche \u00e9b\u00e8ne, chevalet en palissandre. M\u00e9caniques Fustero plaqu\u00e9es or. avec \u00e9tui. \u00a0<\/p>\n","protected":false},"author":2,"featured_media":0,"parent":0,"menu_order":0,"comment_status":"closed","ping_status":"closed","template":"","meta":{"footnotes":""},"class_list":["post-903","page","type-page","status-publish","hentry"],"_links":{"self":[{"href":"https:\/\/guitares-et-luthiers.fr\/index.php?rest_route=\/wp\/v2\/pages\/903","targetHints":{"allow":["GET"]}}],"collection":[{"href":"https:\/\/guitares-et-luthiers.fr\/index.php?rest_route=\/wp\/v2\/pages"}],"about":[{"href":"https:\/\/guitares-et-luthiers.fr\/index.php?rest_route=\/wp\/v2\/types\/page"}],"author":[{"embeddable":true,"href":"https:\/\/guitares-et-luthiers.fr\/index.php?rest_route=\/wp\/v2\/users\/2"}],"replies":[{"embeddable":true,"href":"https:\/\/guitares-et-luthiers.fr\/index.php?rest_route=%2Fwp%2Fv2%2Fcomments&post=903"}],"version-history":[{"count":5,"href":"https:\/\/guitares-et-luthiers.fr\/index.php?rest_route=\/wp\/v2\/pages\/903\/revisions"}],"predecessor-version":[{"id":950,"href":"https:\/\/guitares-et-luthiers.fr\/index.php?rest_route=\/wp\/v2\/pages\/903\/revisions\/950"}],"wp:attachment":[{"href":"https:\/\/guitares-et-luthiers.fr\/index.php?rest_route=%2Fwp%2Fv2%2Fmedia&parent=903"}],"curies":[{"name":"wp","href":"https:\/\/api.w.org\/{rel}","templated":true}]}}