{"id":941,"date":"2017-05-08T13:53:46","date_gmt":"2017-05-08T12:53:46","guid":{"rendered":"http:\/\/guitares-et-luthiers.fr\/?page_id=941"},"modified":"2017-05-08T13:53:46","modified_gmt":"2017-05-08T12:53:46","slug":"manuel-rodriguez-e-hijos","status":"publish","type":"page","link":"https:\/\/guitares-et-luthiers.fr\/?page_id=941","title":{"rendered":"Manuel Rodriguez e hijos"},"content":{"rendered":"<div id=\"c6315\" class=\"csc-default\">\n<div class=\"csc-header csc-header-n1\">\n<p class=\"csc-firstHeader\">Luthier : Manuel Rodriguez e hijos<\/p>\n<p class=\"csc-firstHeader\">Mod\u00e8le Concert n \u00b0566<\/p>\n<p class=\"csc-firstHeader\">Bois : table en red cedar ; \u00a0dos, chevalet et \u00a0\u00e9clisses en palissandre de Madagascar, manche \u00e9b\u00e8ne, vendue avec \u00e9tui.<\/p>\n<p class=\"csc-firstHeader\"><a href=\"https:\/\/guitares-et-luthiers.fr\/wp-content\/uploads\/2017\/05\/rodriguez5.jpg\" rel=\"lightbox[941]\"><img loading=\"lazy\" decoding=\"async\" class=\"alignnone size-medium wp-image-936\" src=\"https:\/\/guitares-et-luthiers.fr\/wp-content\/uploads\/2017\/05\/rodriguez5-124x300.jpg\" alt=\"\" width=\"124\" height=\"300\" srcset=\"https:\/\/guitares-et-luthiers.fr\/wp-content\/uploads\/2017\/05\/rodriguez5-124x300.jpg 124w, https:\/\/guitares-et-luthiers.fr\/wp-content\/uploads\/2017\/05\/rodriguez5-768x1858.jpg 768w, https:\/\/guitares-et-luthiers.fr\/wp-content\/uploads\/2017\/05\/rodriguez5-423x1024.jpg 423w, https:\/\/guitares-et-luthiers.fr\/wp-content\/uploads\/2017\/05\/rodriguez5.jpg 1562w\" sizes=\"auto, (max-width: 124px) 100vw, 124px\" \/><\/a><a href=\"https:\/\/guitares-et-luthiers.fr\/wp-content\/uploads\/2017\/05\/rodriguez6.jpg\" rel=\"lightbox[941]\"><img loading=\"lazy\" decoding=\"async\" class=\"alignnone size-medium wp-image-937\" src=\"https:\/\/guitares-et-luthiers.fr\/wp-content\/uploads\/2017\/05\/rodriguez6-126x300.jpg\" alt=\"\" width=\"126\" height=\"300\" srcset=\"https:\/\/guitares-et-luthiers.fr\/wp-content\/uploads\/2017\/05\/rodriguez6-126x300.jpg 126w, https:\/\/guitares-et-luthiers.fr\/wp-content\/uploads\/2017\/05\/rodriguez6-768x1826.jpg 768w, https:\/\/guitares-et-luthiers.fr\/wp-content\/uploads\/2017\/05\/rodriguez6-431x1024.jpg 431w, https:\/\/guitares-et-luthiers.fr\/wp-content\/uploads\/2017\/05\/rodriguez6.jpg 1552w\" sizes=\"auto, (max-width: 126px) 100vw, 126px\" \/><\/a><a href=\"https:\/\/guitares-et-luthiers.fr\/wp-content\/uploads\/2017\/05\/rodriguez1.jpg\" rel=\"lightbox[941]\"><img loading=\"lazy\" decoding=\"async\" class=\"alignnone size-medium wp-image-932\" src=\"https:\/\/guitares-et-luthiers.fr\/wp-content\/uploads\/2017\/05\/rodriguez1-300x211.jpg\" alt=\"\" width=\"300\" height=\"211\" srcset=\"https:\/\/guitares-et-luthiers.fr\/wp-content\/uploads\/2017\/05\/rodriguez1-300x211.jpg 300w, https:\/\/guitares-et-luthiers.fr\/wp-content\/uploads\/2017\/05\/rodriguez1-768x539.jpg 768w, https:\/\/guitares-et-luthiers.fr\/wp-content\/uploads\/2017\/05\/rodriguez1-1024x719.jpg 1024w\" sizes=\"auto, (max-width: 300px) 100vw, 300px\" \/><\/a><a href=\"https:\/\/guitares-et-luthiers.fr\/wp-content\/uploads\/2017\/05\/rodriguez.jpg\" rel=\"lightbox[941]\"><img loading=\"lazy\" decoding=\"async\" class=\"alignnone size-medium wp-image-931\" src=\"https:\/\/guitares-et-luthiers.fr\/wp-content\/uploads\/2017\/05\/rodriguez-300x286.jpg\" alt=\"\" width=\"300\" height=\"286\" srcset=\"https:\/\/guitares-et-luthiers.fr\/wp-content\/uploads\/2017\/05\/rodriguez-300x286.jpg 300w, https:\/\/guitares-et-luthiers.fr\/wp-content\/uploads\/2017\/05\/rodriguez-768x731.jpg 768w, https:\/\/guitares-et-luthiers.fr\/wp-content\/uploads\/2017\/05\/rodriguez-1024x975.jpg 1024w\" sizes=\"auto, (max-width: 300px) 100vw, 300px\" \/><\/a><a href=\"https:\/\/guitares-et-luthiers.fr\/wp-content\/uploads\/2017\/05\/rodriguez9.jpg\" rel=\"lightbox[941]\"><img loading=\"lazy\" decoding=\"async\" class=\"alignnone size-medium wp-image-940\" src=\"https:\/\/guitares-et-luthiers.fr\/wp-content\/uploads\/2017\/05\/rodriguez9-184x300.jpg\" alt=\"\" width=\"184\" height=\"300\" srcset=\"https:\/\/guitares-et-luthiers.fr\/wp-content\/uploads\/2017\/05\/rodriguez9-184x300.jpg 184w, https:\/\/guitares-et-luthiers.fr\/wp-content\/uploads\/2017\/05\/rodriguez9-768x1252.jpg 768w, https:\/\/guitares-et-luthiers.fr\/wp-content\/uploads\/2017\/05\/rodriguez9-628x1024.jpg 628w\" sizes=\"auto, (max-width: 184px) 100vw, 184px\" \/><\/a><a href=\"https:\/\/guitares-et-luthiers.fr\/wp-content\/uploads\/2017\/05\/rodriguez8.jpg\" rel=\"lightbox[941]\"><img loading=\"lazy\" decoding=\"async\" class=\"alignnone size-medium wp-image-939\" src=\"https:\/\/guitares-et-luthiers.fr\/wp-content\/uploads\/2017\/05\/rodriguez8-241x300.jpg\" alt=\"\" width=\"241\" height=\"300\" srcset=\"https:\/\/guitares-et-luthiers.fr\/wp-content\/uploads\/2017\/05\/rodriguez8-241x300.jpg 241w, https:\/\/guitares-et-luthiers.fr\/wp-content\/uploads\/2017\/05\/rodriguez8-768x956.jpg 768w, https:\/\/guitares-et-luthiers.fr\/wp-content\/uploads\/2017\/05\/rodriguez8-822x1024.jpg 822w\" sizes=\"auto, (max-width: 241px) 100vw, 241px\" \/><\/a><a href=\"https:\/\/guitares-et-luthiers.fr\/wp-content\/uploads\/2017\/05\/rodriguez7.jpg\" rel=\"lightbox[941]\"><img loading=\"lazy\" decoding=\"async\" class=\"alignnone size-medium wp-image-938\" src=\"https:\/\/guitares-et-luthiers.fr\/wp-content\/uploads\/2017\/05\/rodriguez7-210x300.jpg\" alt=\"\" width=\"210\" height=\"300\" srcset=\"https:\/\/guitares-et-luthiers.fr\/wp-content\/uploads\/2017\/05\/rodriguez7-210x300.jpg 210w, https:\/\/guitares-et-luthiers.fr\/wp-content\/uploads\/2017\/05\/rodriguez7-768x1099.jpg 768w, https:\/\/guitares-et-luthiers.fr\/wp-content\/uploads\/2017\/05\/rodriguez7-716x1024.jpg 716w\" sizes=\"auto, (max-width: 210px) 100vw, 210px\" \/><\/a><a href=\"https:\/\/guitares-et-luthiers.fr\/wp-content\/uploads\/2017\/05\/rodriguez4.jpg\" rel=\"lightbox[941]\"><img loading=\"lazy\" decoding=\"async\" class=\"alignnone size-medium wp-image-935\" src=\"https:\/\/guitares-et-luthiers.fr\/wp-content\/uploads\/2017\/05\/rodriguez4-220x300.jpg\" alt=\"\" width=\"220\" height=\"300\" srcset=\"https:\/\/guitares-et-luthiers.fr\/wp-content\/uploads\/2017\/05\/rodriguez4-220x300.jpg 220w, https:\/\/guitares-et-luthiers.fr\/wp-content\/uploads\/2017\/05\/rodriguez4-768x1046.jpg 768w, https:\/\/guitares-et-luthiers.fr\/wp-content\/uploads\/2017\/05\/rodriguez4-752x1024.jpg 752w\" sizes=\"auto, (max-width: 220px) 100vw, 220px\" \/><\/a><a href=\"https:\/\/guitares-et-luthiers.fr\/wp-content\/uploads\/2017\/05\/rodriguez3.jpg\" rel=\"lightbox[941]\"><img loading=\"lazy\" decoding=\"async\" class=\"alignnone size-medium wp-image-934\" src=\"https:\/\/guitares-et-luthiers.fr\/wp-content\/uploads\/2017\/05\/rodriguez3-171x300.jpg\" alt=\"\" width=\"171\" height=\"300\" srcset=\"https:\/\/guitares-et-luthiers.fr\/wp-content\/uploads\/2017\/05\/rodriguez3-171x300.jpg 171w, https:\/\/guitares-et-luthiers.fr\/wp-content\/uploads\/2017\/05\/rodriguez3-768x1351.jpg 768w, https:\/\/guitares-et-luthiers.fr\/wp-content\/uploads\/2017\/05\/rodriguez3-582x1024.jpg 582w\" sizes=\"auto, (max-width: 171px) 100vw, 171px\" \/><\/a><a href=\"https:\/\/guitares-et-luthiers.fr\/wp-content\/uploads\/2017\/05\/rodriguez2.jpg\" rel=\"lightbox[941]\"><img loading=\"lazy\" decoding=\"async\" class=\"alignnone size-medium wp-image-933\" src=\"https:\/\/guitares-et-luthiers.fr\/wp-content\/uploads\/2017\/05\/rodriguez2-176x300.jpg\" alt=\"\" width=\"176\" height=\"300\" srcset=\"https:\/\/guitares-et-luthiers.fr\/wp-content\/uploads\/2017\/05\/rodriguez2-176x300.jpg 176w, https:\/\/guitares-et-luthiers.fr\/wp-content\/uploads\/2017\/05\/rodriguez2-768x1306.jpg 768w, https:\/\/guitares-et-luthiers.fr\/wp-content\/uploads\/2017\/05\/rodriguez2-602x1024.jpg 602w\" sizes=\"auto, (max-width: 176px) 100vw, 176px\" \/><\/a><\/p>\n<\/div>\n<\/div>\n<div id=\"c6311\" class=\"csc-default\"><\/div>\n","protected":false},"excerpt":{"rendered":"<p>Luthier : Manuel Rodriguez e hijos Mod\u00e8le Concert n \u00b0566 Bois : table en red cedar ; \u00a0dos, chevalet et \u00a0\u00e9clisses en palissandre de Madagascar, manche \u00e9b\u00e8ne, vendue avec \u00e9tui.<\/p>\n","protected":false},"author":2,"featured_media":0,"parent":0,"menu_order":0,"comment_status":"closed","ping_status":"closed","template":"","meta":{"footnotes":""},"class_list":["post-941","page","type-page","status-publish","hentry"],"_links":{"self":[{"href":"https:\/\/guitares-et-luthiers.fr\/index.php?rest_route=\/wp\/v2\/pages\/941","targetHints":{"allow":["GET"]}}],"collection":[{"href":"https:\/\/guitares-et-luthiers.fr\/index.php?rest_route=\/wp\/v2\/pages"}],"about":[{"href":"https:\/\/guitares-et-luthiers.fr\/index.php?rest_route=\/wp\/v2\/types\/page"}],"author":[{"embeddable":true,"href":"https:\/\/guitares-et-luthiers.fr\/index.php?rest_route=\/wp\/v2\/users\/2"}],"replies":[{"embeddable":true,"href":"https:\/\/guitares-et-luthiers.fr\/index.php?rest_route=%2Fwp%2Fv2%2Fcomments&post=941"}],"version-history":[{"count":1,"href":"https:\/\/guitares-et-luthiers.fr\/index.php?rest_route=\/wp\/v2\/pages\/941\/revisions"}],"predecessor-version":[{"id":942,"href":"https:\/\/guitares-et-luthiers.fr\/index.php?rest_route=\/wp\/v2\/pages\/941\/revisions\/942"}],"wp:attachment":[{"href":"https:\/\/guitares-et-luthiers.fr\/index.php?rest_route=%2Fwp%2Fv2%2Fmedia&parent=941"}],"curies":[{"name":"wp","href":"https:\/\/api.w.org\/{rel}","templated":true}]}}